{"id":9,"date":"2024-10-22T11:58:38","date_gmt":"2024-10-22T14:58:38","guid":{"rendered":"https:\/\/jardimsecretostl.com.br\/abduzidos\/?page_id=9"},"modified":"2025-04-08T14:36:47","modified_gmt":"2025-04-08T17:36:47","slug":"saudacoes-abduzidos","status":"publish","type":"page","link":"https:\/\/jardimsecretostl.com.br\/abduzidos\/","title":{"rendered":"Sauda\u00e7\u00f5es, Abduzidos!"},"content":{"rendered":"\t\t<div data-elementor-type=\"wp-page\" data-elementor-id=\"9\" class=\"elementor elementor-9\" data-elementor-post-type=\"page\">\n\t\t\t\t<div class=\"elementor-element elementor-element-143f80d e-con-full elementor-hidden-desktop e-flex e-con e-parent\" data-id=\"143f80d\" data-element_type=\"container\" data-settings=\"{&quot;background_background&quot;:&quot;classic&quot;}\">\n\t\t\t\t<div class=\"elementor-element elementor-element-123a6ab elementor-widget__width-inherit elementor--h-position-center elementor--v-position-middle elementor-arrows-position-inside elementor-pagination-position-inside elementor-widget elementor-widget-slides\" data-id=\"123a6ab\" data-element_type=\"widget\" data-settings=\"{&quot;autoplay_speed&quot;:15000,&quot;transition&quot;:&quot;fade&quot;,&quot;sticky&quot;:&quot;bottom&quot;,&quot;navigation&quot;:&quot;both&quot;,&quot;autoplay&quot;:&quot;yes&quot;,&quot;infinite&quot;:&quot;yes&quot;,&quot;transition_speed&quot;:500,&quot;sticky_on&quot;:[&quot;desktop&quot;,&quot;tablet&quot;,&quot;mobile&quot;],&quot;sticky_offset&quot;:0,&quot;sticky_effects_offset&quot;:0,&quot;sticky_anchor_link_offset&quot;:0}\" data-widget_type=\"slides.default\">\n\t\t\t\t<div class=\"elementor-widget-container\">\n\t\t\t\t\t\t\t\t\t<div class=\"elementor-swiper\">\n\t\t\t\t\t<div class=\"elementor-slides-wrapper elementor-main-swiper swiper\" role=\"region\" aria-roledescription=\"carousel\" aria-label=\"Slides\" dir=\"ltr\" data-animation=\"zoomIn\">\n\t\t\t\t<div class=\"swiper-wrapper elementor-slides\">\n\t\t\t\t\t\t\t\t\t\t<div class=\"elementor-repeater-item-32ff022 swiper-slide\" role=\"group\" aria-roledescription=\"slide\"><div class=\"swiper-slide-bg\"><\/div><div class=\"swiper-slide-inner\" ><div class=\"swiper-slide-contents\"><div class=\"elementor-slide-heading\">A cidade entre Mundos<\/div><div class=\"elementor-slide-description\">Prepare-se para ser transportado al\u00e9m dos limites de S\u00e3o Thom\u00e9 das Letras.\n<br>No cora\u00e7\u00e3o das montanhas,\n<br>onde as pedras guardam segredos,\n<br>algo est\u00e1 surgindo no Jardim Secreto.\n<br><br>O que est\u00e1 por vir?\n<br><br>S\u00f3 os abduzidos saber\u00e3o.<\/div><\/div><\/div><\/div><div class=\"elementor-repeater-item-c22844d swiper-slide\" role=\"group\" aria-roledescription=\"slide\"><div class=\"swiper-slide-bg\"><\/div><div class=\"swiper-slide-inner\" ><div class=\"swiper-slide-contents\"><div class=\"elementor-slide-heading\">Uma Viagem sem Volta<\/div><div class=\"elementor-slide-description\">Voc\u00ea est\u00e1 prestes a entrar em uma jornada interdimensional.\n<br>No Jardim Secreto,\n<br>sob as estrelas de S\u00e3o Thom\u00e9 das Letras,\n<br>prepare-se para descobrir o que est\u00e1 oculto entre as pedras e os c\u00e9us.\n<br><br>Em breve\n<br>os mist\u00e9rios ser\u00e3o revelados.<\/div><\/div><\/div><\/div><div class=\"elementor-repeater-item-9622f76 swiper-slide\" role=\"group\" aria-roledescription=\"slide\"><div class=\"swiper-slide-bg\"><\/div><div class=\"swiper-slide-inner\" ><div class=\"swiper-slide-contents\"><div class=\"elementor-slide-heading\">Portais abertos<\/div><div class=\"elementor-slide-description\">No Jardim Secreto,\n<br>em S\u00e3o Thom\u00e9 das Letras,\n<br>portais est\u00e3o se abrindo para um novo mundo.\n<br><br>Luzes misteriosas atravessam o c\u00e9u,\n<br>e apenas os abduzidos conhecer\u00e3o o que est\u00e1 al\u00e9m das estrelas.\n<br><br>Prepare-se para o desconhecido.<\/div><\/div><\/div><\/div><div class=\"elementor-repeater-item-eb8c6b4 swiper-slide\" role=\"group\" aria-roledescription=\"slide\"><div class=\"swiper-slide-bg\"><\/div><div class=\"swiper-slide-inner\" ><div class=\"swiper-slide-contents\"><div class=\"elementor-slide-heading\">Segredos entre as Montanhas<\/div><div class=\"elementor-slide-description\">As pedras de S\u00e3o Thom\u00e9\n<br>guardam mist\u00e9rios que v\u00e3o al\u00e9m do tempo.\n<br><br>No Jardim Secreto, os abduzidos ser\u00e3o convidados a explorar o invis\u00edvel,\n<br>a sentir a energia que pulsa sob a terra\n<br>e a seguir as luzes para o desconhecido.<\/div><\/div><\/div><\/div>\t\t\t\t<\/div>\n\t\t\t\t\t\t\t\t\t\t\t\t\t\t\t<div class=\"elementor-swiper-button elementor-swiper-button-prev\" role=\"button\" tabindex=\"0\" aria-label=\"Slide anterior\">\n\t\t\t\t\t\t\t<svg aria-hidden=\"true\" class=\"e-font-icon-svg e-eicon-chevron-left\" viewBox=\"0 0 1000 1000\" xmlns=\"http:\/\/www.w3.org\/2000\/svg\"><path d=\"M646 125C629 125 613 133 604 142L308 442C296 454 292 471 292 487 292 504 296 521 308 533L604 854C617 867 629 875 646 875 663 875 679 871 692 858 704 846 713 829 713 812 713 796 708 779 692 767L438 487 692 225C700 217 708 204 708 187 708 171 704 154 692 142 675 129 663 125 646 125Z\"><\/path><\/svg>\t\t\t\t\t\t<\/div>\n\t\t\t\t\t\t<div class=\"elementor-swiper-button elementor-swiper-button-next\" role=\"button\" tabindex=\"0\" aria-label=\"Pr\u00f3ximo slide\">\n\t\t\t\t\t\t\t<svg aria-hidden=\"true\" class=\"e-font-icon-svg e-eicon-chevron-right\" viewBox=\"0 0 1000 1000\" xmlns=\"http:\/\/www.w3.org\/2000\/svg\"><path d=\"M696 533C708 521 713 504 713 487 713 471 708 454 696 446L400 146C388 133 375 125 354 125 338 125 325 129 313 142 300 154 292 171 292 187 292 204 296 221 308 233L563 492 304 771C292 783 288 800 288 817 288 833 296 850 308 863 321 871 338 875 354 875 371 875 388 867 400 854L696 533Z\"><\/path><\/svg>\t\t\t\t\t\t<\/div>\n\t\t\t\t\t\t\t\t\t\t\t\t\t\t\t\t<div class=\"swiper-pagination\"><\/div>\n\t\t\t\t\t\t\t\t\t\t\t\t<\/div>\n\t\t\t\t<\/div>\n\t\t\t\t\t\t\t\t<\/div>\n\t\t\t\t<\/div>\n\t\t\t\t<div class=\"elementor-element elementor-element-cf2d5f9 elementor-widget elementor-widget-html\" data-id=\"cf2d5f9\" data-element_type=\"widget\" data-widget_type=\"html.default\">\n\t\t\t\t<div class=\"elementor-widget-container\">\n\t\t\t\t\t<div style=\"position: fixed; bottom: 10px; left: 10px; z-index: 1000;\">\r\n    <img decoding=\"async\" src=\"imagens\/alien-alien-dance.gif\" alt=\"Alien Dance\" style=\"width: 100px; height: auto;\">\r\n<\/div>\t\t\t\t<\/div>\n\t\t\t\t<\/div>\n\t\t\t\t<div class=\"elementor-element elementor-element-8967962 elementor-widget elementor-widget-text-editor\" data-id=\"8967962\" data-element_type=\"widget\" data-widget_type=\"text-editor.default\">\n\t\t\t\t<div class=\"elementor-widget-container\">\n\t\t\t\t\t\t\t\t\t<p style=\"text-align: center;\">Experi\u00eancia imersiva com<br \/>Realidade Aumentada, <br \/>Geofencing, <br \/>QR Codes e Anima\u00e7\u00f5es Alien\u00edgenas.<\/p>\t\t\t\t\t\t\t\t<\/div>\n\t\t\t\t<\/div>\n\t\t\t\t<\/div>\n\t\t<div class=\"elementor-element elementor-element-8ea0d06 elementor-hidden-tablet elementor-hidden-mobile e-flex e-con-boxed e-con e-parent\" data-id=\"8ea0d06\" data-element_type=\"container\" data-settings=\"{&quot;background_background&quot;:&quot;classic&quot;}\">\n\t\t\t\t\t<div class=\"e-con-inner\">\n\t\t\t\t<div class=\"elementor-element elementor-element-850f959 elementor-widget elementor-widget-text-editor\" data-id=\"850f959\" data-element_type=\"widget\" data-widget_type=\"text-editor.default\">\n\t\t\t\t<div class=\"elementor-widget-container\">\n\t\t\t\t\t\t\t\t\t<p style=\"text-align: center;\">Experi\u00eancia imersiva com<br \/>Realidade Aumentada, <br \/>Geofencing, <br \/>QR Codes e Anima\u00e7\u00f5es Alien\u00edgenas.<\/p>\t\t\t\t\t\t\t\t<\/div>\n\t\t\t\t<\/div>\n\t\t\t\t<div class=\"elementor-element elementor-element-c5d24a5 elementor-widget__width-inherit elementor-arrows-position-outside elementor--h-position-center elementor--v-position-middle elementor-widget elementor-widget-slides\" data-id=\"c5d24a5\" data-element_type=\"widget\" data-settings=\"{&quot;autoplay_speed&quot;:15000,&quot;transition&quot;:&quot;fade&quot;,&quot;sticky&quot;:&quot;bottom&quot;,&quot;navigation&quot;:&quot;arrows&quot;,&quot;autoplay&quot;:&quot;yes&quot;,&quot;infinite&quot;:&quot;yes&quot;,&quot;transition_speed&quot;:500,&quot;sticky_on&quot;:[&quot;desktop&quot;,&quot;tablet&quot;,&quot;mobile&quot;],&quot;sticky_offset&quot;:0,&quot;sticky_effects_offset&quot;:0,&quot;sticky_anchor_link_offset&quot;:0}\" data-widget_type=\"slides.default\">\n\t\t\t\t<div class=\"elementor-widget-container\">\n\t\t\t\t\t\t\t\t\t<div class=\"elementor-swiper\">\n\t\t\t\t\t<div class=\"elementor-slides-wrapper elementor-main-swiper swiper\" role=\"region\" aria-roledescription=\"carousel\" aria-label=\"Slides\" dir=\"ltr\" data-animation=\"zoomIn\">\n\t\t\t\t<div class=\"swiper-wrapper elementor-slides\">\n\t\t\t\t\t\t\t\t\t\t<div class=\"elementor-repeater-item-32ff022 swiper-slide\" role=\"group\" aria-roledescription=\"slide\"><div class=\"swiper-slide-bg\"><\/div><div class=\"swiper-slide-inner\" ><div class=\"swiper-slide-contents\"><div class=\"elementor-slide-heading\">A cidade entre Mundos<\/div><div class=\"elementor-slide-description\">Prepare-se para ser transportado al\u00e9m dos limites de S\u00e3o Thom\u00e9 das Letras.\n<br>No cora\u00e7\u00e3o das montanhas,\n<br>onde as pedras guardam segredos,\n<br>algo est\u00e1 surgindo no Jardim Secreto.\n<br><br>O que est\u00e1 por vir?\n<br>S\u00f3 os abduzidos saber\u00e3o.<\/div><\/div><\/div><\/div><div class=\"elementor-repeater-item-c22844d swiper-slide\" role=\"group\" aria-roledescription=\"slide\"><div class=\"swiper-slide-bg\"><\/div><div class=\"swiper-slide-inner\" ><div class=\"swiper-slide-contents\"><div class=\"elementor-slide-heading\">Uma Viagem sem Volta<\/div><div class=\"elementor-slide-description\">Voc\u00ea est\u00e1 prestes a entrar em uma jornada interdimensional.\n<br>No Jardim Secreto,\n<br>sob as estrelas de S\u00e3o Thom\u00e9 das Letras,\n<br>prepare-se para descobrir o que est\u00e1 oculto entre as pedras e os c\u00e9us.\n<br><br>Em breve\n<br>os mist\u00e9rios ser\u00e3o revelados.<\/div><\/div><\/div><\/div><div class=\"elementor-repeater-item-9622f76 swiper-slide\" role=\"group\" aria-roledescription=\"slide\"><div class=\"swiper-slide-bg\"><\/div><div class=\"swiper-slide-inner\" ><div class=\"swiper-slide-contents\"><div class=\"elementor-slide-heading\">Portais abertos<\/div><div class=\"elementor-slide-description\">No Jardim Secreto,\n<br>em S\u00e3o Thom\u00e9 das Letras,\n<br>portais est\u00e3o se abrindo para um novo mundo.\n<br><br>Luzes misteriosas atravessam o c\u00e9u,\n<br>e apenas os abduzidos conhecer\u00e3o o que est\u00e1 al\u00e9m das estrelas.\n<br><br>Prepare-se para o desconhecido.<\/div><\/div><\/div><\/div><div class=\"elementor-repeater-item-eb8c6b4 swiper-slide\" role=\"group\" aria-roledescription=\"slide\"><div class=\"swiper-slide-bg\"><\/div><div class=\"swiper-slide-inner\" ><div class=\"swiper-slide-contents\"><div class=\"elementor-slide-heading\">Segredos entre as Montanhas<\/div><div class=\"elementor-slide-description\">As pedras de S\u00e3o Thom\u00e9\n<br>guardam mist\u00e9rios que v\u00e3o al\u00e9m do tempo.\n<br><br>No Jardim Secreto, os abduzidos ser\u00e3o convidados a explorar o invis\u00edvel,\n<br>a sentir a energia que pulsa sob a terra\n<br>e a seguir as luzes para o desconhecido.<\/div><\/div><\/div><\/div>\t\t\t\t<\/div>\n\t\t\t\t\t\t\t\t\t\t\t\t\t\t\t<div class=\"elementor-swiper-button elementor-swiper-button-prev\" role=\"button\" tabindex=\"0\" aria-label=\"Slide anterior\">\n\t\t\t\t\t\t\t<svg aria-hidden=\"true\" class=\"e-font-icon-svg e-eicon-chevron-left\" viewBox=\"0 0 1000 1000\" xmlns=\"http:\/\/www.w3.org\/2000\/svg\"><path d=\"M646 125C629 125 613 133 604 142L308 442C296 454 292 471 292 487 292 504 296 521 308 533L604 854C617 867 629 875 646 875 663 875 679 871 692 858 704 846 713 829 713 812 713 796 708 779 692 767L438 487 692 225C700 217 708 204 708 187 708 171 704 154 692 142 675 129 663 125 646 125Z\"><\/path><\/svg>\t\t\t\t\t\t<\/div>\n\t\t\t\t\t\t<div class=\"elementor-swiper-button elementor-swiper-button-next\" role=\"button\" tabindex=\"0\" aria-label=\"Pr\u00f3ximo slide\">\n\t\t\t\t\t\t\t<svg aria-hidden=\"true\" class=\"e-font-icon-svg e-eicon-chevron-right\" viewBox=\"0 0 1000 1000\" xmlns=\"http:\/\/www.w3.org\/2000\/svg\"><path d=\"M696 533C708 521 713 504 713 487 713 471 708 454 696 446L400 146C388 133 375 125 354 125 338 125 325 129 313 142 300 154 292 171 292 187 292 204 296 221 308 233L563 492 304 771C292 783 288 800 288 817 288 833 296 850 308 863 321 871 338 875 354 875 371 875 388 867 400 854L696 533Z\"><\/path><\/svg>\t\t\t\t\t\t<\/div>\n\t\t\t\t\t\t\t\t\t\t\t\t\t\t\t\t\t<\/div>\n\t\t\t\t<\/div>\n\t\t\t\t\t\t\t\t<\/div>\n\t\t\t\t<\/div>\n\t\t\t\t<div class=\"elementor-element elementor-element-210f82d elementor-widget elementor-widget-html\" data-id=\"210f82d\" data-element_type=\"widget\" data-widget_type=\"html.default\">\n\t\t\t\t<div class=\"elementor-widget-container\">\n\t\t\t\t\t<div style=\"position: fixed; bottom: 10px; left: 10px; z-index: 1000;\">\r\n    <img decoding=\"async\" src=\"https:\/\/jardimsecretostl.com.br\/abduzidos\/imagens\/alien-alien-dance.gif\" alt=\"Alien Dance\" style=\"width: 350px; height: auto;\">\r\n<\/div>\r\n<!-- erro-abducao -->\r\n<div id=\"spider-gif\" style=\"position: fixed; bottom: 10px; left: 10px; left: 50%; transform: translateX(-50%); z-index: 1000;\">\r\n    <img decoding=\"async\" src=\"https:\/\/jardimsecretostl.com.br\/abduzidos\/imagens\/erro-abducao.gif\" alt=\"Aranha\" style=\"width: 100px; height: auto;\">\r\n<\/div>\t\t\t\t<\/div>\n\t\t\t\t<\/div>\n\t\t\t\t\t<\/div>\n\t\t\t\t<\/div>\n\t\t<div class=\"elementor-element elementor-element-71b15bf e-flex e-con-boxed e-con e-parent\" data-id=\"71b15bf\" data-element_type=\"container\">\n\t\t\t\t\t<div class=\"e-con-inner\">\n\t\t\t\t<div class=\"elementor-element elementor-element-914440c elementor-widget elementor-widget-html\" data-id=\"914440c\" data-element_type=\"widget\" data-widget_type=\"html.default\">\n\t\t\t\t<div class=\"elementor-widget-container\">\n\t\t\t\t\t<html>\r\n  <head>\r\n    <script>\r\n      let audio;\r\n      let isPlaying = false; \/\/ Vari\u00e1vel para controlar o estado do \u00e1udio\r\n\r\n      function playSound() {\r\n        audio = new Audio('https:\/\/jardimsecretostl.com.br\/abduzidos\/imagens\/alien-voice.mp3');\r\n        audio.volume = 0.5;\r\n        audio.loop = true;\r\n\r\n        \/\/ Reproduz o \u00e1udio quando o bot\u00e3o \u00e9 clicado\r\n        audio.play().then(() => {\r\n          console.log(\"\u00c1udio come\u00e7ou a tocar\");\r\n        }).catch(error => {\r\n          console.error(\"Erro ao tentar tocar o \u00e1udio:\", error);\r\n        });\r\n      }\r\n\r\n      function toggleSound() {\r\n        if (isPlaying) {\r\n          audio.pause(); \/\/ Pausar o \u00e1udio\r\n          document.getElementById('sound-button').innerText = 'Ligar Som'; \/\/ Mudar texto do bot\u00e3o\r\n        } else {\r\n          audio.play(); \/\/ Tocar o \u00e1udio novamente\r\n          document.getElementById('sound-button').innerText = 'Desligar Som'; \/\/ Mudar texto do bot\u00e3o\r\n        }\r\n        isPlaying = !isPlaying; \/\/ Alternar o estado de isPlaying\r\n      }\r\n\r\n      window.onload = function() {\r\n        \/\/ Criar o bot\u00e3o para iniciar o som\r\n        const startButton = document.createElement('button');\r\n        startButton.id = 'sound-button';\r\n        startButton.innerText = '\ud83d\udc7d Iniciar Som'; \/\/ Texto inicial com \u00edcone alien\u00edgena\r\n        startButton.style.position = 'fixed';\r\n        startButton.style.bottom = '5px';\r\n        startButton.style.right = '20px'; \/\/ Posiciona no lado direito\r\n        startButton.style.padding = '7px 7px';\r\n        startButton.style.backgroundColor = '#2a2a72';\r\n        startButton.style.color = '#39ff14';\r\n        startButton.style.fontFamily = 'Arial, sans-serif';\r\n        startButton.style.fontSize = '11px';\r\n        startButton.style.border = '2px solid #39ff14';\r\n        startButton.style.borderRadius = '20px';\r\n        startButton.style.boxShadow = '0 0 10px rgba(57, 255, 20, 0.7)';\r\n        startButton.style.cursor = 'pointer';\r\n        startButton.style.transition = 'all 0.3s ease-in-out';\r\n        \r\n        \/\/ Efeitos de hover\r\n        startButton.onmouseover = function() {\r\n          startButton.style.backgroundColor = '#39ff14';\r\n          startButton.style.color = '#2a2a72';\r\n        };\r\n        startButton.onmouseout = function() {\r\n          startButton.style.backgroundColor = '#2a2a72';\r\n          startButton.style.color = '#39ff14';\r\n        };\r\n\r\n        \/\/ Quando o bot\u00e3o for clicado, o \u00e1udio \u00e9 tocado e o bot\u00e3o \u00e9 alterado para ligar\/desligar som\r\n        startButton.onclick = function() {\r\n          if (!isPlaying) {\r\n            playSound(); \/\/ Inicia o som no primeiro clique\r\n            isPlaying = true;\r\n            startButton.innerText = '\ud83d\udc7d Desligar Som'; \/\/ Mudar o texto do bot\u00e3o para \"Desligar Som\"\r\n            startButton.onclick = toggleSound; \/\/ Depois do primeiro clique, alterna o som\r\n          }\r\n        };\r\n\r\n        document.body.appendChild(startButton);\r\n      };\r\n    <\/script>\r\n  <\/head>\r\n  <body style=\"margin: 0; overflow: hidden;\">\r\n    <!-- Sem elementos visuais, apenas som tocando e o bot\u00e3o -->\r\n  <\/body>\r\n<\/html>\r\n\t\t\t\t<\/div>\n\t\t\t\t<\/div>\n\t\t\t\t\t<\/div>\n\t\t\t\t<\/div>\n\t\t\t\t<\/div>\n\t\t","protected":false},"excerpt":{"rendered":"<p>A cidade entre MundosPrepare-se para ser transportado al\u00e9m dos limites de S\u00e3o Thom\u00e9 das Letras. No cora\u00e7\u00e3o das montanhas, onde as pedras guardam segredos, algo est\u00e1 surgindo no Jardim Secreto. O que est\u00e1 por vir? S\u00f3 os abduzidos saber\u00e3o.Uma Viagem sem VoltaVoc\u00ea est\u00e1 prestes a entrar em uma jornada interdimensional. No Jardim Secreto, sob as [&hellip;]<\/p>\n","protected":false},"author":1,"featured_media":182,"parent":0,"menu_order":0,"comment_status":"closed","ping_status":"closed","template":"elementor_header_footer","meta":{"footnotes":""},"class_list":["post-9","page","type-page","status-publish","has-post-thumbnail","hentry"],"_links":{"self":[{"href":"https:\/\/jardimsecretostl.com.br\/abduzidos\/wp-json\/wp\/v2\/pages\/9","targetHints":{"allow":["GET"]}}],"collection":[{"href":"https:\/\/jardimsecretostl.com.br\/abduzidos\/wp-json\/wp\/v2\/pages"}],"about":[{"href":"https:\/\/jardimsecretostl.com.br\/abduzidos\/wp-json\/wp\/v2\/types\/page"}],"author":[{"embeddable":true,"href":"https:\/\/jardimsecretostl.com.br\/abduzidos\/wp-json\/wp\/v2\/users\/1"}],"replies":[{"embeddable":true,"href":"https:\/\/jardimsecretostl.com.br\/abduzidos\/wp-json\/wp\/v2\/comments?post=9"}],"version-history":[{"count":436,"href":"https:\/\/jardimsecretostl.com.br\/abduzidos\/wp-json\/wp\/v2\/pages\/9\/revisions"}],"predecessor-version":[{"id":587,"href":"https:\/\/jardimsecretostl.com.br\/abduzidos\/wp-json\/wp\/v2\/pages\/9\/revisions\/587"}],"wp:featuredmedia":[{"embeddable":true,"href":"https:\/\/jardimsecretostl.com.br\/abduzidos\/wp-json\/wp\/v2\/media\/182"}],"wp:attachment":[{"href":"https:\/\/jardimsecretostl.com.br\/abduzidos\/wp-json\/wp\/v2\/media?parent=9"}],"curies":[{"name":"wp","href":"https:\/\/api.w.org\/{rel}","templated":true}]}}